{"id":18300,"date":"2024-09-06T07:49:43","date_gmt":"2024-09-06T07:49:43","guid":{"rendered":"https:\/\/jmalunicityhotel.com\/?page_id=18300"},"modified":"2025-07-10T09:05:04","modified_gmt":"2025-07-10T09:05:04","slug":"scopri-roma","status":"publish","type":"page","link":"https:\/\/jmalunicityhotel.com\/it_it\/scopri-roma\/","title":{"rendered":"Scopri Roma"},"content":{"rendered":"<div id=\"cmsmasters_row_bfiyluk7sp\" class=\"cmsmasters_row cmsmasters_color_scheme_default cmsmasters_row_top_default cmsmasters_row_bot_default cmsmasters_row_boxed\">\n<div class=\"cmsmasters_row_outer_parent\">\n<div class=\"cmsmasters_row_outer\">\n<div class=\"cmsmasters_row_inner\">\n<div class=\"cmsmasters_row_margin\">\n<div id=\"cmsmasters_column_e4fa23546d\" class=\"cmsmasters_column one_first\">\n<div class=\"cmsmasters_column_inner\"><div class=\"cmsmasters_text\">\n<p style=\"text-align: center;\"><strong>SCOPRI ROMA\u00a0<\/strong><\/p>\n<\/div>\n<div class=\"cmsmasters_text\">\n<p style=\"text-align: center;\">La Citt\u00e0 Eterna \u00e8 ricca di attrazioni\u00a0 che renderanno unico il vostro soggiorno al JMCH.<\/p>\n<p>&nbsp;<\/p>\n<\/div>\n<\/div><\/div>\n<div id=\"cmsmasters_column_\" class=\"cmsmasters_column one_first\">\n<div class=\"cmsmasters_column_inner\"><\/div><\/div>\n<div id=\"cmsmasters_column_\" class=\"cmsmasters_column one_first\">\n<div class=\"cmsmasters_column_inner\"><\/div><\/div>\n<\/div>\n<\/div>\n<\/div>\n<\/div>\n<\/div>\n<div id=\"cmsmasters_row_cd0xzo11n\" class=\"cmsmasters_row cmsmasters_color_scheme_default cmsmasters_row_top_default cmsmasters_row_bot_default cmsmasters_row_boxed\">\n<div class=\"cmsmasters_row_outer_parent\">\n<div class=\"cmsmasters_row_outer\">\n<div class=\"cmsmasters_row_inner\">\n<div class=\"cmsmasters_row_margin\">\n<div id=\"cmsmasters_column_pwp39ikzgr\" class=\"cmsmasters_column one_third\">\n<div class=\"cmsmasters_column_inner\"><div class=\"cmsmasters_text\">\n<p><img loading=\"lazy\" decoding=\"async\" class=\"size-medium wp-image-17821 aligncenter\" src=\"https:\/\/jmalunicityhotel.com\/wp-content\/uploads\/2024\/07\/Scoprire-Roma-Colosseo-300x169.png\" alt=\"\" width=\"300\" height=\"169\" srcset=\"https:\/\/jmalunicityhotel.com\/wp-content\/uploads\/2024\/07\/Scoprire-Roma-Colosseo-300x169.png 300w, https:\/\/jmalunicityhotel.com\/wp-content\/uploads\/2024\/07\/Scoprire-Roma-Colosseo-1024x576.png 1024w, https:\/\/jmalunicityhotel.com\/wp-content\/uploads\/2024\/07\/Scoprire-Roma-Colosseo-768x432.png 768w, https:\/\/jmalunicityhotel.com\/wp-content\/uploads\/2024\/07\/Scoprire-Roma-Colosseo-1536x864.png 1536w, https:\/\/jmalunicityhotel.com\/wp-content\/uploads\/2024\/07\/Scoprire-Roma-Colosseo-580x326.png 580w, https:\/\/jmalunicityhotel.com\/wp-content\/uploads\/2024\/07\/Scoprire-Roma-Colosseo-860x484.png 860w, https:\/\/jmalunicityhotel.com\/wp-content\/uploads\/2024\/07\/Scoprire-Roma-Colosseo-1160x653.png 1160w, https:\/\/jmalunicityhotel.com\/wp-content\/uploads\/2024\/07\/Scoprire-Roma-Colosseo-1320x743.png 1320w, https:\/\/jmalunicityhotel.com\/wp-content\/uploads\/2024\/07\/Scoprire-Roma-Colosseo-600x338.png 600w, https:\/\/jmalunicityhotel.com\/wp-content\/uploads\/2024\/07\/Scoprire-Roma-Colosseo.png 1920w\" sizes=\"auto, (max-width: 300px) 100vw, 300px\" \/><\/p>\n<p style=\"text-align: center;\"><b>COLOSSEO (Anfiteatro Flavio):<\/b><\/p>\n<p style=\"text-align: center;\">Simbolo di Roma, l\u2019anfiteatro pi\u00f9 grande e famoso della storia, accoglie da centinaia di anni visitatori da ogni angolo del mondo. Facilmente raggiungibile in metropolitana in 20 minuti<\/p>\n<\/div>\n<\/div><\/div>\n<div id=\"cmsmasters_column_gyucpipvb2\" class=\"cmsmasters_column one_third\">\n<div class=\"cmsmasters_column_inner\"><div class=\"cmsmasters_text\">\n<p style=\"text-align: center;\"><img loading=\"lazy\" decoding=\"async\" class=\"alignnone size-medium wp-image-17822\" src=\"https:\/\/jmalunicityhotel.com\/wp-content\/uploads\/2024\/07\/Scoprire-Roma-Fontana-di-Trevi-300x169.png\" alt=\"\" width=\"300\" height=\"169\" srcset=\"https:\/\/jmalunicityhotel.com\/wp-content\/uploads\/2024\/07\/Scoprire-Roma-Fontana-di-Trevi-300x169.png 300w, https:\/\/jmalunicityhotel.com\/wp-content\/uploads\/2024\/07\/Scoprire-Roma-Fontana-di-Trevi-1024x576.png 1024w, https:\/\/jmalunicityhotel.com\/wp-content\/uploads\/2024\/07\/Scoprire-Roma-Fontana-di-Trevi-768x432.png 768w, https:\/\/jmalunicityhotel.com\/wp-content\/uploads\/2024\/07\/Scoprire-Roma-Fontana-di-Trevi-1536x864.png 1536w, https:\/\/jmalunicityhotel.com\/wp-content\/uploads\/2024\/07\/Scoprire-Roma-Fontana-di-Trevi-580x326.png 580w, https:\/\/jmalunicityhotel.com\/wp-content\/uploads\/2024\/07\/Scoprire-Roma-Fontana-di-Trevi-860x484.png 860w, https:\/\/jmalunicityhotel.com\/wp-content\/uploads\/2024\/07\/Scoprire-Roma-Fontana-di-Trevi-1160x653.png 1160w, https:\/\/jmalunicityhotel.com\/wp-content\/uploads\/2024\/07\/Scoprire-Roma-Fontana-di-Trevi-1320x743.png 1320w, https:\/\/jmalunicityhotel.com\/wp-content\/uploads\/2024\/07\/Scoprire-Roma-Fontana-di-Trevi-600x338.png 600w, https:\/\/jmalunicityhotel.com\/wp-content\/uploads\/2024\/07\/Scoprire-Roma-Fontana-di-Trevi.png 1920w\" sizes=\"auto, (max-width: 300px) 100vw, 300px\" \/><\/p>\n<p style=\"text-align: center;\"><b><span class=\"\">FONTANA DI TREVI:<\/span><\/b><\/p>\n<p style=\"text-align: center;\">Costruita da Nicola Salvi nella prima met\u00e0 del XVIII secolo e immortalata nella Dolce Vita di Fellini con la celebre scena del bagno dell\u2019attrice svedese Anita Ekberg, \u00e8 uno dei luoghi pi\u00f9 visitati al mondo. L\u2019occasione di lanciare una monetina (rigorosamente con le spalle rivolte alla fontana) \u00e8 imperdibile per chi volesse tornare a Roma. \u00c8 raggiungibile dall\u2019Hotel in metropolitana in circa 20 minuti.<\/p>\n<\/div>\n<\/div><\/div>\n<div id=\"cmsmasters_column_mitxaf8bd\" class=\"cmsmasters_column one_third\">\n<div class=\"cmsmasters_column_inner\"><div class=\"cmsmasters_text\">\n<p><img loading=\"lazy\" decoding=\"async\" class=\"alignnone size-medium wp-image-17823 aligncenter\" src=\"https:\/\/jmalunicityhotel.com\/wp-content\/uploads\/2024\/07\/Scoprire-Roma-Vaticano-300x169.png\" alt=\"\" width=\"300\" height=\"169\" srcset=\"https:\/\/jmalunicityhotel.com\/wp-content\/uploads\/2024\/07\/Scoprire-Roma-Vaticano-300x169.png 300w, https:\/\/jmalunicityhotel.com\/wp-content\/uploads\/2024\/07\/Scoprire-Roma-Vaticano-1024x576.png 1024w, https:\/\/jmalunicityhotel.com\/wp-content\/uploads\/2024\/07\/Scoprire-Roma-Vaticano.png 1920w\" sizes=\"auto, (max-width: 300px) 100vw, 300px\" \/><\/p>\n<p style=\"text-align: center;\"><b>VATICANO:<\/b><\/p>\n<p style=\"text-align: center;\">La residenza ufficiale del Papa, il pi\u00f9 piccolo stato al mondo con una popolazione di soli 800 abitanti, \u00e8 una meta preferita da milioni di turisti ogni anno che vogliono visitare la maestosa Basilica di San Pietro e i suoi musei. Raggiungibile dal JMaluni City Hotel in metropolitana in circa 25 minuti<\/p>\n<\/div>\n<\/div><\/div>\n<\/div>\n<\/div>\n<\/div>\n<\/div>\n<\/div>\n<div id=\"cmsmasters_row_k9w3da9su1\" class=\"cmsmasters_row cmsmasters_color_scheme_default cmsmasters_row_top_default cmsmasters_row_bot_default cmsmasters_row_boxed\">\n<div class=\"cmsmasters_row_outer_parent\">\n<div class=\"cmsmasters_row_outer\">\n<div class=\"cmsmasters_row_inner\">\n<div class=\"cmsmasters_row_margin\">\n<div id=\"cmsmasters_column_8yyj9ij53p\" class=\"cmsmasters_column one_third\">\n<div class=\"cmsmasters_column_inner\"><div class=\"cmsmasters_text\">\n<p><img loading=\"lazy\" decoding=\"async\" class=\"size-medium wp-image-17831 aligncenter\" src=\"https:\/\/hotelj.culturedigitalisviluppo.com\/wp-content\/uploads\/2024\/07\/Scoprire-Roma-Villa-Borghese-300x169.png\" alt=\"\" width=\"300\" height=\"169\" srcset=\"https:\/\/jmalunicityhotel.com\/wp-content\/uploads\/2024\/07\/Scoprire-Roma-Villa-Borghese-300x169.png 300w, https:\/\/jmalunicityhotel.com\/wp-content\/uploads\/2024\/07\/Scoprire-Roma-Villa-Borghese-1024x576.png 1024w, https:\/\/jmalunicityhotel.com\/wp-content\/uploads\/2024\/07\/Scoprire-Roma-Villa-Borghese-768x432.png 768w, https:\/\/jmalunicityhotel.com\/wp-content\/uploads\/2024\/07\/Scoprire-Roma-Villa-Borghese-1536x864.png 1536w, https:\/\/jmalunicityhotel.com\/wp-content\/uploads\/2024\/07\/Scoprire-Roma-Villa-Borghese-580x326.png 580w, https:\/\/jmalunicityhotel.com\/wp-content\/uploads\/2024\/07\/Scoprire-Roma-Villa-Borghese-860x484.png 860w, https:\/\/jmalunicityhotel.com\/wp-content\/uploads\/2024\/07\/Scoprire-Roma-Villa-Borghese-1160x653.png 1160w, https:\/\/jmalunicityhotel.com\/wp-content\/uploads\/2024\/07\/Scoprire-Roma-Villa-Borghese-1320x743.png 1320w, https:\/\/jmalunicityhotel.com\/wp-content\/uploads\/2024\/07\/Scoprire-Roma-Villa-Borghese-600x338.png 600w, https:\/\/jmalunicityhotel.com\/wp-content\/uploads\/2024\/07\/Scoprire-Roma-Villa-Borghese.png 1920w\" sizes=\"auto, (max-width: 300px) 100vw, 300px\" \/><\/p>\n<p style=\"text-align: center;\"><strong>VILLA BORGHESE:<\/strong><\/p>\n<p style=\"text-align: center;\">Il parco di Roma per eccellenza. Di propriet\u00e0 della famiglia Borghese, fu acquistato dal Comune di Roma nel 1903 e aperto al pubblico; una passeggiata nei suoi giardini \u00e8 d&#8217;obbligo. Raggiungibile in metropolitana in circa 25 minuti.<\/p>\n<\/div>\n<\/div><\/div>\n<div id=\"cmsmasters_column_f5kf61wl2\" class=\"cmsmasters_column one_third\">\n<div class=\"cmsmasters_column_inner\"><div class=\"cmsmasters_text\">\n<p style=\"text-align: center;\"><img loading=\"lazy\" decoding=\"async\" class=\"alignnone size-medium wp-image-17829\" src=\"https:\/\/hotelj.culturedigitalisviluppo.com\/wp-content\/uploads\/2024\/07\/Scoprire-Roma-Fori-Imperiali-300x169.png\" alt=\"\" width=\"300\" height=\"169\" srcset=\"https:\/\/jmalunicityhotel.com\/wp-content\/uploads\/2024\/07\/Scoprire-Roma-Fori-Imperiali-300x169.png 300w, https:\/\/jmalunicityhotel.com\/wp-content\/uploads\/2024\/07\/Scoprire-Roma-Fori-Imperiali-1024x576.png 1024w, https:\/\/jmalunicityhotel.com\/wp-content\/uploads\/2024\/07\/Scoprire-Roma-Fori-Imperiali-768x432.png 768w, https:\/\/jmalunicityhotel.com\/wp-content\/uploads\/2024\/07\/Scoprire-Roma-Fori-Imperiali-1536x864.png 1536w, https:\/\/jmalunicityhotel.com\/wp-content\/uploads\/2024\/07\/Scoprire-Roma-Fori-Imperiali-580x326.png 580w, https:\/\/jmalunicityhotel.com\/wp-content\/uploads\/2024\/07\/Scoprire-Roma-Fori-Imperiali-860x484.png 860w, https:\/\/jmalunicityhotel.com\/wp-content\/uploads\/2024\/07\/Scoprire-Roma-Fori-Imperiali-1160x653.png 1160w, https:\/\/jmalunicityhotel.com\/wp-content\/uploads\/2024\/07\/Scoprire-Roma-Fori-Imperiali-1320x743.png 1320w, https:\/\/jmalunicityhotel.com\/wp-content\/uploads\/2024\/07\/Scoprire-Roma-Fori-Imperiali-600x338.png 600w, https:\/\/jmalunicityhotel.com\/wp-content\/uploads\/2024\/07\/Scoprire-Roma-Fori-Imperiali.png 1920w\" sizes=\"auto, (max-width: 300px) 100vw, 300px\" \/><\/p>\n<p style=\"text-align: center;\"><strong>FORI IMPERIALI:<\/strong><\/p>\n<p style=\"text-align: center;\">Situati nelle immediate vicinanze del Colosseo, sono noti come \u201cRoma Antica\u201d. L\u2019area archeologica \u00e8 composta da 5 piazze (fori) dove si concentrava la vita pubblica della citt\u00e0 ed era possibile assistere a spettacoli minori tra cui opere teatrali e sfide tra gladiatori. La loro costruzione fu iniziata da Giulio Cesare e terminata da Augusto. Durante un soggiorno a Roma sono una meta imperdibile per una passeggiata tra le vie e le piazze di 2000 anni fa. Raggiungibili in metropolitana in 20 minuti (Metro Colosseo).<\/p>\n<\/div>\n<\/div><\/div>\n<div id=\"cmsmasters_column_udem66kle\" class=\"cmsmasters_column one_third\">\n<div class=\"cmsmasters_column_inner\"><div class=\"cmsmasters_text\">\n<p><img loading=\"lazy\" decoding=\"async\" class=\"size-medium wp-image-17830 aligncenter\" src=\"https:\/\/hotelj.culturedigitalisviluppo.com\/wp-content\/uploads\/2024\/07\/Scoprire-Roma-Pantheon-300x169.png\" alt=\"\" width=\"300\" height=\"169\" srcset=\"https:\/\/jmalunicityhotel.com\/wp-content\/uploads\/2024\/07\/Scoprire-Roma-Pantheon-300x169.png 300w, https:\/\/jmalunicityhotel.com\/wp-content\/uploads\/2024\/07\/Scoprire-Roma-Pantheon-1024x576.png 1024w, https:\/\/jmalunicityhotel.com\/wp-content\/uploads\/2024\/07\/Scoprire-Roma-Pantheon-768x432.png 768w, https:\/\/jmalunicityhotel.com\/wp-content\/uploads\/2024\/07\/Scoprire-Roma-Pantheon-1536x864.png 1536w, https:\/\/jmalunicityhotel.com\/wp-content\/uploads\/2024\/07\/Scoprire-Roma-Pantheon-580x326.png 580w, https:\/\/jmalunicityhotel.com\/wp-content\/uploads\/2024\/07\/Scoprire-Roma-Pantheon-860x484.png 860w, https:\/\/jmalunicityhotel.com\/wp-content\/uploads\/2024\/07\/Scoprire-Roma-Pantheon-1160x653.png 1160w, https:\/\/jmalunicityhotel.com\/wp-content\/uploads\/2024\/07\/Scoprire-Roma-Pantheon-1320x743.png 1320w, https:\/\/jmalunicityhotel.com\/wp-content\/uploads\/2024\/07\/Scoprire-Roma-Pantheon-600x338.png 600w, https:\/\/jmalunicityhotel.com\/wp-content\/uploads\/2024\/07\/Scoprire-Roma-Pantheon.png 1920w\" sizes=\"auto, (max-width: 300px) 100vw, 300px\" \/><\/p>\n<p style=\"text-align: center;\"><strong>PANTHEON:<\/strong><\/p>\n<p style=\"text-align: center;\"><span class=\"VIpgJd-yAWNEb-VIpgJd-fmcmS-sn54Q\">Considerata da molti una delle chiese pi\u00f9 antiche del mondo, in realt\u00e0 lo \u00e8 solo da 1400 anni\u2026, dalla sua costruzione avvenuta presumibilmente intorno al 27 a.C. il Pantheon era un tempio dedicato alle antiche divinit\u00e0 romane. \u00c8 uno degli edifici pi\u00f9 visitati al mondo grazie al suo fascino rimasto immutato per oltre 2000 anni. Raggiungibile da JMCH in metropolitana in circa 25 minuti.<\/span><\/p>\n<\/div>\n<\/div><\/div>\n<\/div>\n<\/div>\n<\/div>\n<\/div>\n<\/div>\n<div id=\"cmsmasters_row_2co8my9c8n\" class=\"cmsmasters_row cmsmasters_color_scheme_default cmsmasters_row_top_default cmsmasters_row_bot_default cmsmasters_row_boxed\">\n<div class=\"cmsmasters_row_outer_parent\">\n<div class=\"cmsmasters_row_outer\">\n<div class=\"cmsmasters_row_inner\">\n<div class=\"cmsmasters_row_margin\">\n<div id=\"cmsmasters_column_a7nfnvedgv\" class=\"cmsmasters_column one_first\">\n<div class=\"cmsmasters_column_inner\"><\/div><\/div>\n<\/div>\n<\/div>\n<\/div>\n<\/div>\n<\/div>\n\n","protected":false},"excerpt":{"rendered":"","protected":false},"author":1,"featured_media":0,"parent":0,"menu_order":0,"comment_status":"closed","ping_status":"closed","template":"","meta":{"footnotes":""},"class_list":["post-18300","page","type-page","status-publish","hentry"],"yoast_head":"<!-- This site is optimized with the Yoast SEO plugin v25.4 - https:\/\/yoast.com\/wordpress\/plugins\/seo\/ -->\n<title>Scopri Roma | J Maluni City Hotel<\/title>\n<meta name=\"description\" content=\"Scopri Roma | J Maluni City Hotel | La Citt\u00e0 Eterna \u00e8 ricca di attrazioni che renderanno unico il vostro soggiorno al JMCH.\" \/>\n<meta name=\"robots\" content=\"index, follow, max-snippet:-1, max-image-preview:large, max-video-preview:-1\" \/>\n<link rel=\"canonical\" href=\"https:\/\/jmalunicityhotel.com\/it_it\/scopri-roma\/\" \/>\n<meta property=\"og:locale\" content=\"it_IT\" \/>\n<meta property=\"og:type\" content=\"article\" \/>\n<meta property=\"og:title\" content=\"Scopri Roma | J Maluni City Hotel\" \/>\n<meta property=\"og:description\" content=\"Scopri Roma | J Maluni City Hotel | La Citt\u00e0 Eterna \u00e8 ricca di attrazioni che renderanno unico il vostro soggiorno al JMCH.\" \/>\n<meta property=\"og:url\" content=\"https:\/\/jmalunicityhotel.com\/it_it\/scopri-roma\/\" \/>\n<meta property=\"og:site_name\" content=\"Hotelj\" \/>\n<meta property=\"article:modified_time\" content=\"2025-07-10T09:05:04+00:00\" \/>\n<meta property=\"og:image\" content=\"https:\/\/jmalunicityhotel.com\/wp-content\/uploads\/2024\/07\/Scoprire-Roma-Colosseo-1024x576.png\" \/>\n\t<meta property=\"og:image:width\" content=\"1024\" \/>\n\t<meta property=\"og:image:height\" content=\"576\" \/>\n\t<meta property=\"og:image:type\" content=\"image\/png\" \/>\n<meta name=\"twitter:card\" content=\"summary_large_image\" \/>\n<meta name=\"twitter:label1\" content=\"Tempo di lettura stimato\" \/>\n\t<meta name=\"twitter:data1\" content=\"4 minuti\" \/>\n<script type=\"application\/ld+json\" class=\"yoast-schema-graph\">{\"@context\":\"https:\/\/schema.org\",\"@graph\":[{\"@type\":\"WebPage\",\"@id\":\"https:\/\/jmalunicityhotel.com\/scopri-roma\/\",\"url\":\"https:\/\/jmalunicityhotel.com\/scopri-roma\/\",\"name\":\"Scopri Roma | J Maluni City Hotel\",\"isPartOf\":{\"@id\":\"https:\/\/jmalunicityhotel.com\/it_it\/#website\"},\"primaryImageOfPage\":{\"@id\":\"https:\/\/jmalunicityhotel.com\/scopri-roma\/#primaryimage\"},\"image\":{\"@id\":\"https:\/\/jmalunicityhotel.com\/scopri-roma\/#primaryimage\"},\"thumbnailUrl\":\"https:\/\/jmalunicityhotel.com\/wp-content\/uploads\/2024\/07\/Scoprire-Roma-Colosseo-300x169.png\",\"datePublished\":\"2024-09-06T07:49:43+00:00\",\"dateModified\":\"2025-07-10T09:05:04+00:00\",\"description\":\"Scopri Roma | J Maluni City Hotel | La Citt\u00e0 Eterna \u00e8 ricca di attrazioni che renderanno unico il vostro soggiorno al JMCH.\",\"breadcrumb\":{\"@id\":\"https:\/\/jmalunicityhotel.com\/scopri-roma\/#breadcrumb\"},\"inLanguage\":\"it-IT\",\"potentialAction\":[{\"@type\":\"ReadAction\",\"target\":[\"https:\/\/jmalunicityhotel.com\/scopri-roma\/\"]}]},{\"@type\":\"ImageObject\",\"inLanguage\":\"it-IT\",\"@id\":\"https:\/\/jmalunicityhotel.com\/scopri-roma\/#primaryimage\",\"url\":\"https:\/\/jmalunicityhotel.com\/wp-content\/uploads\/2024\/07\/Scoprire-Roma-Colosseo-300x169.png\",\"contentUrl\":\"https:\/\/jmalunicityhotel.com\/wp-content\/uploads\/2024\/07\/Scoprire-Roma-Colosseo-300x169.png\"},{\"@type\":\"BreadcrumbList\",\"@id\":\"https:\/\/jmalunicityhotel.com\/scopri-roma\/#breadcrumb\",\"itemListElement\":[{\"@type\":\"ListItem\",\"position\":1,\"name\":\"Home\",\"item\":\"https:\/\/jmalunicityhotel.com\/\"},{\"@type\":\"ListItem\",\"position\":2,\"name\":\"Scopri Roma\"}]},{\"@type\":\"WebSite\",\"@id\":\"https:\/\/jmalunicityhotel.com\/it_it\/#website\",\"url\":\"https:\/\/jmalunicityhotel.com\/it_it\/\",\"name\":\"Hotelj\",\"description\":\"\",\"publisher\":{\"@id\":\"https:\/\/jmalunicityhotel.com\/it_it\/#organization\"},\"potentialAction\":[{\"@type\":\"SearchAction\",\"target\":{\"@type\":\"EntryPoint\",\"urlTemplate\":\"https:\/\/jmalunicityhotel.com\/it_it\/?s={search_term_string}\"},\"query-input\":{\"@type\":\"PropertyValueSpecification\",\"valueRequired\":true,\"valueName\":\"search_term_string\"}}],\"inLanguage\":\"it-IT\"},{\"@type\":\"Organization\",\"@id\":\"https:\/\/jmalunicityhotel.com\/it_it\/#organization\",\"name\":\"Hotelj\",\"url\":\"https:\/\/jmalunicityhotel.com\/it_it\/\",\"logo\":{\"@type\":\"ImageObject\",\"inLanguage\":\"it-IT\",\"@id\":\"https:\/\/jmalunicityhotel.com\/it_it\/#\/schema\/logo\/image\/\",\"url\":\"https:\/\/jmalunicityhotel.com\/wp-content\/uploads\/2023\/06\/logo-JMaluniHotel_page-0003.png\",\"contentUrl\":\"https:\/\/jmalunicityhotel.com\/wp-content\/uploads\/2023\/06\/logo-JMaluniHotel_page-0003.png\",\"width\":2011,\"height\":928,\"caption\":\"Hotelj\"},\"image\":{\"@id\":\"https:\/\/jmalunicityhotel.com\/it_it\/#\/schema\/logo\/image\/\"}}]}<\/script>\n<!-- \/ Yoast SEO plugin. -->","yoast_head_json":{"title":"Scopri Roma | J Maluni City Hotel","description":"Scopri Roma | J Maluni City Hotel | La Citt\u00e0 Eterna \u00e8 ricca di attrazioni che renderanno unico il vostro soggiorno al JMCH.","robots":{"index":"index","follow":"follow","max-snippet":"max-snippet:-1","max-image-preview":"max-image-preview:large","max-video-preview":"max-video-preview:-1"},"canonical":"https:\/\/jmalunicityhotel.com\/it_it\/scopri-roma\/","og_locale":"it_IT","og_type":"article","og_title":"Scopri Roma | J Maluni City Hotel","og_description":"Scopri Roma | J Maluni City Hotel | La Citt\u00e0 Eterna \u00e8 ricca di attrazioni che renderanno unico il vostro soggiorno al JMCH.","og_url":"https:\/\/jmalunicityhotel.com\/it_it\/scopri-roma\/","og_site_name":"Hotelj","article_modified_time":"2025-07-10T09:05:04+00:00","og_image":[{"width":1024,"height":576,"url":"https:\/\/jmalunicityhotel.com\/wp-content\/uploads\/2024\/07\/Scoprire-Roma-Colosseo-1024x576.png","type":"image\/png"}],"twitter_card":"summary_large_image","twitter_misc":{"Tempo di lettura stimato":"4 minuti"},"schema":{"@context":"https:\/\/schema.org","@graph":[{"@type":"WebPage","@id":"https:\/\/jmalunicityhotel.com\/scopri-roma\/","url":"https:\/\/jmalunicityhotel.com\/scopri-roma\/","name":"Scopri Roma | J Maluni City Hotel","isPartOf":{"@id":"https:\/\/jmalunicityhotel.com\/it_it\/#website"},"primaryImageOfPage":{"@id":"https:\/\/jmalunicityhotel.com\/scopri-roma\/#primaryimage"},"image":{"@id":"https:\/\/jmalunicityhotel.com\/scopri-roma\/#primaryimage"},"thumbnailUrl":"https:\/\/jmalunicityhotel.com\/wp-content\/uploads\/2024\/07\/Scoprire-Roma-Colosseo-300x169.png","datePublished":"2024-09-06T07:49:43+00:00","dateModified":"2025-07-10T09:05:04+00:00","description":"Scopri Roma | J Maluni City Hotel | La Citt\u00e0 Eterna \u00e8 ricca di attrazioni che renderanno unico il vostro soggiorno al JMCH.","breadcrumb":{"@id":"https:\/\/jmalunicityhotel.com\/scopri-roma\/#breadcrumb"},"inLanguage":"it-IT","potentialAction":[{"@type":"ReadAction","target":["https:\/\/jmalunicityhotel.com\/scopri-roma\/"]}]},{"@type":"ImageObject","inLanguage":"it-IT","@id":"https:\/\/jmalunicityhotel.com\/scopri-roma\/#primaryimage","url":"https:\/\/jmalunicityhotel.com\/wp-content\/uploads\/2024\/07\/Scoprire-Roma-Colosseo-300x169.png","contentUrl":"https:\/\/jmalunicityhotel.com\/wp-content\/uploads\/2024\/07\/Scoprire-Roma-Colosseo-300x169.png"},{"@type":"BreadcrumbList","@id":"https:\/\/jmalunicityhotel.com\/scopri-roma\/#breadcrumb","itemListElement":[{"@type":"ListItem","position":1,"name":"Home","item":"https:\/\/jmalunicityhotel.com\/"},{"@type":"ListItem","position":2,"name":"Scopri Roma"}]},{"@type":"WebSite","@id":"https:\/\/jmalunicityhotel.com\/it_it\/#website","url":"https:\/\/jmalunicityhotel.com\/it_it\/","name":"Hotelj","description":"","publisher":{"@id":"https:\/\/jmalunicityhotel.com\/it_it\/#organization"},"potentialAction":[{"@type":"SearchAction","target":{"@type":"EntryPoint","urlTemplate":"https:\/\/jmalunicityhotel.com\/it_it\/?s={search_term_string}"},"query-input":{"@type":"PropertyValueSpecification","valueRequired":true,"valueName":"search_term_string"}}],"inLanguage":"it-IT"},{"@type":"Organization","@id":"https:\/\/jmalunicityhotel.com\/it_it\/#organization","name":"Hotelj","url":"https:\/\/jmalunicityhotel.com\/it_it\/","logo":{"@type":"ImageObject","inLanguage":"it-IT","@id":"https:\/\/jmalunicityhotel.com\/it_it\/#\/schema\/logo\/image\/","url":"https:\/\/jmalunicityhotel.com\/wp-content\/uploads\/2023\/06\/logo-JMaluniHotel_page-0003.png","contentUrl":"https:\/\/jmalunicityhotel.com\/wp-content\/uploads\/2023\/06\/logo-JMaluniHotel_page-0003.png","width":2011,"height":928,"caption":"Hotelj"},"image":{"@id":"https:\/\/jmalunicityhotel.com\/it_it\/#\/schema\/logo\/image\/"}}]}},"_links":{"self":[{"href":"https:\/\/jmalunicityhotel.com\/it_it\/wp-json\/wp\/v2\/pages\/18300","targetHints":{"allow":["GET"]}}],"collection":[{"href":"https:\/\/jmalunicityhotel.com\/it_it\/wp-json\/wp\/v2\/pages"}],"about":[{"href":"https:\/\/jmalunicityhotel.com\/it_it\/wp-json\/wp\/v2\/types\/page"}],"author":[{"embeddable":true,"href":"https:\/\/jmalunicityhotel.com\/it_it\/wp-json\/wp\/v2\/users\/1"}],"replies":[{"embeddable":true,"href":"https:\/\/jmalunicityhotel.com\/it_it\/wp-json\/wp\/v2\/comments?post=18300"}],"version-history":[{"count":7,"href":"https:\/\/jmalunicityhotel.com\/it_it\/wp-json\/wp\/v2\/pages\/18300\/revisions"}],"predecessor-version":[{"id":18309,"href":"https:\/\/jmalunicityhotel.com\/it_it\/wp-json\/wp\/v2\/pages\/18300\/revisions\/18309"}],"wp:attachment":[{"href":"https:\/\/jmalunicityhotel.com\/it_it\/wp-json\/wp\/v2\/media?parent=18300"}],"curies":[{"name":"wp","href":"https:\/\/api.w.org\/{rel}","templated":true}]}}