{"id":17525,"date":"2024-05-29T10:40:00","date_gmt":"2024-05-29T10:40:00","guid":{"rendered":"https:\/\/jmalunicityhotel.com\/?page_id=17525"},"modified":"2025-07-10T09:11:26","modified_gmt":"2025-07-10T09:11:26","slug":"cookie-policy","status":"publish","type":"page","link":"https:\/\/jmalunicityhotel.com\/it_it\/cookie-policy\/","title":{"rendered":"Cookie Policy"},"content":{"rendered":"<div id=\"cmsmasters_row_ld7wggma7x\" class=\"cmsmasters_row cmsmasters_color_scheme_default cmsmasters_row_top_default cmsmasters_row_bot_default cmsmasters_row_boxed\">\n<div class=\"cmsmasters_row_outer_parent\">\n<div class=\"cmsmasters_row_outer\">\n<div class=\"cmsmasters_row_inner\">\n<div class=\"cmsmasters_row_margin\">\n<div id=\"cmsmasters_column_5elefyut8f\" class=\"cmsmasters_column one_first\">\n<div class=\"cmsmasters_column_inner\"><div class=\"cmsmasters_text\">\n<p style=\"text-align: center;\"><strong>COOKIE POLICY<\/strong><\/p>\n<\/div>\n<div class=\"cmsmasters_text\">\n<p class=\"CookieDeclarationDialogText\">Questo sito web utilizza i cookie. Utilizziamo i cookie per personalizzare contenuti ed annunci, per fornire funzionalit\u00e0 dei social media e per analizzare il nostro traffico. Condividiamo inoltre informazioni sul modo in cui utilizza il nostro sito con i nostri partner che si occupano di analisi dei dati web, pubblicit\u00e0 e social media, i quali potrebbero combinarle con altre informazioni che ha fornito loro o che hanno raccolto dal suo utilizzo dei loro servizi.<\/p>\n<p class=\"CookieDeclarationIntro\">I cookie sono piccoli file di testo che possono essere utilizzati dai siti web per rendere pi\u00f9 efficiente l&#8217;esperienza per l&#8217;utente.<\/p>\n<p>La legge afferma che possiamo memorizzare i cookie sul suo dispositivo se sono strettamente necessari per il funzionamento di questo sito. Per tutti gli altri tipi di cookie abbiamo bisogno del suo permesso.<\/p>\n<p>Questo sito utilizza diversi tipi di cookie. Alcuni cookie sono collocate da servizi di terzi che compaiono sulle nostre pagine.<\/p>\n<p>In qualsiasi momento \u00e8 possibile modificare o revocare il proprio consenso dalla Dichiarazione dei cookie sul nostro sito Web.<\/p>\n<p>Scopra di pi\u00f9 su chi siamo, come pu\u00f2 contattarci e come trattiamo i dati personali nella nostra Informativa sulla privacy.<\/p>\n<p>Specifica l\u2019ID del tuo consenso e la data di quando ci hai contattati per quanto riguarda il tuo consenso.<\/p>\n<p>Il tuo consenso si applica ai seguenti siti web: www.secure-reservation.cloud\/<\/p>\n<div id=\"CookieDeclarationUserStatusPanel\" data-responsemode=\"leveloptin\" data-dialogtemplate=\"bottom-v2_dark\">\n<div id=\"CookieDeclarationUserStatusLabel\">\n<div id=\"CookieDeclarationUserStatusLabelOn\">Il tuo stato attuale: Accetta tutti.<\/div>\n<p id=\"CookieDeclarationConsentIdAndDate\">ID del consenso:\u00a0<span id=\"CookieDeclarationUserStatusLabelConsentId\">zaqT0yTU0JlbW8W6LzONsM0QiOt0VTJsDtLf7cvVaERFaY+UlMxJ0Q==<\/span>Data del consenso:\u00a0<span id=\"CookieDeclarationUserStatusLabelConsentDate\">mercoled\u00ec 29 maggio 2024 alle ore 12:35:20 CEST<\/span><\/p>\n<\/div>\n<div id=\"CookieDeclarationChangeConsent\"><a id=\"CookieDeclarationChangeConsentChange\" href=\"https:\/\/www.secure-reservation.cloud\/booking-engine\/#\">Modifica consenso<\/a><span id=\"CookieDeclarationUserStatusLabelWithdraw\">\u00a0\u00a0|\u00a0\u00a0<a id=\"CookieDeclarationChangeConsentWithdraw\" href=\"https:\/\/www.secure-reservation.cloud\/booking-engine\/#\">Revoca consenso<\/a><\/span><\/div>\n<\/div>\n<p>&nbsp;<\/p>\n<p class=\"CookieDeclarationLastUpdated\">Dichiarazione Cookie aggiornata l&#8217;ultima volta il 30\/04\/24 da\u00a0<a title=\"Cookiebot\" href=\"https:\/\/www.cookiebot.com\/\" target=\"_blank\" rel=\"noopener\">Cookiebot<\/a>:<\/p>\n<div class=\"CookieDeclarationType\" dir=\"ltr\" lang=\"it\">\n<p class=\"CookieDeclarationTypeHeader\">Necessari (4)<\/p>\n<p class=\"CookieDeclarationTypeDescription\">I cookie necessari contribuiscono a rendere fruibile il sito web abilitandone funzionalit\u00e0 di base quali la navigazione sulle pagine e l&#8217;accesso alle aree protette del sito. Il sito web non \u00e8 in grado di funzionare correttamente senza questi cookie.<\/p>\n<table class=\"CookieDeclarationTable\">\n<colgroup>\n<col \/>\n<col \/>\n<col \/>\n<col \/>\n<col \/><\/colgroup>\n<thead>\n<tr>\n<th class=\"CookieDeclarationTableHeader\" dir=\"ltr\" scope=\"col\">Nome<\/th>\n<th class=\"CookieDeclarationTableHeader\" dir=\"ltr\" scope=\"col\">Fornitore<\/th>\n<th class=\"CookieDeclarationTableHeader\" dir=\"ltr\" scope=\"col\">Scopo<\/th>\n<th class=\"CookieDeclarationTableHeader\" dir=\"ltr\" scope=\"col\">Scadenza<\/th>\n<th class=\"CookieDeclarationTableHeader\" dir=\"ltr\" scope=\"col\">Tipo<\/th>\n<\/tr>\n<\/thead>\n<tbody>\n<tr>\n<td class=\"CookieDeclarationTableCell\">1.gif<\/td>\n<td class=\"CookieDeclarationTableCell\"><a title=\"l'informativa sulla privacy di Cookiebot\" href=\"https:\/\/www.cookiebot.com\/goto\/privacy-policy\/\" target=\"_blank\" rel=\"noopener noreferrer nofollow\">Cookiebot<\/a><\/td>\n<td class=\"CookieDeclarationTableCell\">Utilizzato per contare il numero di sessioni del sito web, necessario per ottimizzare la consegna dei prodotti CMP.<\/td>\n<td class=\"CookieDeclarationTableCell\">Session<\/td>\n<td class=\"CookieDeclarationTableCell\">Pixel Tracker<\/td>\n<\/tr>\n<tr>\n<td class=\"CookieDeclarationTableCell\">CookieConsent<\/td>\n<td class=\"CookieDeclarationTableCell\"><a title=\"l'informativa sulla privacy di Cookiebot\" href=\"https:\/\/www.cookiebot.com\/goto\/privacy-policy\/\" target=\"_blank\" rel=\"noopener noreferrer nofollow\">Cookiebot<\/a><\/td>\n<td class=\"CookieDeclarationTableCell\">Memorizza lo stato del consenso ai cookie dell&#8217;utente per il dominio corrente<\/td>\n<td class=\"CookieDeclarationTableCell\">1 anno<\/td>\n<td class=\"CookieDeclarationTableCell\">HTTP Cookie<\/td>\n<\/tr>\n<tr>\n<td class=\"CookieDeclarationTableCell\">test_cookie<\/td>\n<td class=\"CookieDeclarationTableCell\"><a title=\"l'informativa sulla privacy di Google\" href=\"https:\/\/policies.google.com\/privacy\" target=\"_blank\" rel=\"noopener noreferrer nofollow\">Google<\/a><\/td>\n<td class=\"CookieDeclarationTableCell\">In attesa<\/td>\n<td class=\"CookieDeclarationTableCell\">1 giorno<\/td>\n<td class=\"CookieDeclarationTableCell\">HTTP Cookie<\/td>\n<\/tr>\n<tr>\n<td class=\"CookieDeclarationTableCell\">XSRF-TOKEN<\/td>\n<td class=\"CookieDeclarationTableCell\">www.secure-reservation.cloud<\/td>\n<td class=\"CookieDeclarationTableCell\">Garantisce la sicurezza della navigazione dei visitatori impedendo le falsificazioni delle richieste tra siti. Questo cookie \u00e8 essenziale per la sicurezza del sito web e del visitatore.<\/td>\n<td class=\"CookieDeclarationTableCell\">Session<\/td>\n<td class=\"CookieDeclarationTableCell\">HTTP Cookie<\/td>\n<\/tr>\n<\/tbody>\n<\/table>\n<\/div>\n<div class=\"CookieDeclarationType\" dir=\"ltr\" lang=\"it\">\n<p class=\"CookieDeclarationTypeHeader\">Statistiche (5)<\/p>\n<p class=\"CookieDeclarationTypeDescription\">I cookie statistici aiutano i proprietari del sito web a capire come i visitatori interagiscono con i siti raccogliendo e trasmettendo informazioni in forma anonima.<\/p>\n<table class=\"CookieDeclarationTable\">\n<colgroup>\n<col \/>\n<col \/>\n<col \/>\n<col \/>\n<col \/><\/colgroup>\n<thead>\n<tr>\n<th class=\"CookieDeclarationTableHeader\" dir=\"ltr\" scope=\"col\">Nome<\/th>\n<th class=\"CookieDeclarationTableHeader\" dir=\"ltr\" scope=\"col\">Fornitore<\/th>\n<th class=\"CookieDeclarationTableHeader\" dir=\"ltr\" scope=\"col\">Scopo<\/th>\n<th class=\"CookieDeclarationTableHeader\" dir=\"ltr\" scope=\"col\">Scadenza<\/th>\n<th class=\"CookieDeclarationTableHeader\" dir=\"ltr\" scope=\"col\">Tipo<\/th>\n<\/tr>\n<\/thead>\n<tbody>\n<tr>\n<td class=\"CookieDeclarationTableCell\">_ga<\/td>\n<td class=\"CookieDeclarationTableCell\"><a title=\"l'informativa sulla privacy di Google\" href=\"https:\/\/policies.google.com\/privacy\" target=\"_blank\" rel=\"noopener noreferrer nofollow\">Google<\/a><\/td>\n<td class=\"CookieDeclarationTableCell\">Registra un ID univoco utilizzato per generare dati statistici su come il visitatore utilizza il sito internet.<\/td>\n<td class=\"CookieDeclarationTableCell\">2 anni<\/td>\n<td class=\"CookieDeclarationTableCell\">HTTP Cookie<\/td>\n<\/tr>\n<tr>\n<td class=\"CookieDeclarationTableCell\">_ga_#<\/td>\n<td class=\"CookieDeclarationTableCell\"><a title=\"l'informativa sulla privacy di Google\" href=\"https:\/\/policies.google.com\/privacy\" target=\"_blank\" rel=\"noopener noreferrer nofollow\">Google<\/a><\/td>\n<td class=\"CookieDeclarationTableCell\">Utilizzato da Google Analytics per raccogliere dati sul numero di volte che un utente ha visitato il sito internet, oltre che le dati per la prima visita e la visita pi\u00f9 recente.<\/td>\n<td class=\"CookieDeclarationTableCell\">2 anni<\/td>\n<td class=\"CookieDeclarationTableCell\">HTTP Cookie<\/td>\n<\/tr>\n<tr>\n<td class=\"CookieDeclarationTableCell\">_gat<\/td>\n<td class=\"CookieDeclarationTableCell\"><a title=\"l'informativa sulla privacy di Google\" href=\"https:\/\/policies.google.com\/privacy\" target=\"_blank\" rel=\"noopener noreferrer nofollow\">Google<\/a><\/td>\n<td class=\"CookieDeclarationTableCell\">Utilizzato da Google Analytics per limitare la frequenza delle richieste<\/td>\n<td class=\"CookieDeclarationTableCell\">1 giorno<\/td>\n<td class=\"CookieDeclarationTableCell\">HTTP Cookie<\/td>\n<\/tr>\n<tr>\n<td class=\"CookieDeclarationTableCell\">_gid<\/td>\n<td class=\"CookieDeclarationTableCell\"><a title=\"l'informativa sulla privacy di Google\" href=\"https:\/\/policies.google.com\/privacy\" target=\"_blank\" rel=\"noopener noreferrer nofollow\">Google<\/a><\/td>\n<td class=\"CookieDeclarationTableCell\">Registra un ID univoco utilizzato per generare dati statistici su come il visitatore utilizza il sito internet.<\/td>\n<td class=\"CookieDeclarationTableCell\">1 giorno<\/td>\n<td class=\"CookieDeclarationTableCell\">HTTP Cookie<\/td>\n<\/tr>\n<tr>\n<td class=\"CookieDeclarationTableCell\">collect<\/td>\n<td class=\"CookieDeclarationTableCell\"><a title=\"l'informativa sulla privacy di Google\" href=\"https:\/\/policies.google.com\/privacy\" target=\"_blank\" rel=\"noopener noreferrer nofollow\">Google<\/a><\/td>\n<td class=\"CookieDeclarationTableCell\">Utilizzato per inviare dati a Google Analytics in merito al dispositivo e al comportamento dell&#8217;utente. Tiene traccia dell&#8217;utente su dispositivi e canali di marketing.<\/td>\n<td class=\"CookieDeclarationTableCell\">Session<\/td>\n<td class=\"CookieDeclarationTableCell\">Pixel Tracker<\/td>\n<\/tr>\n<\/tbody>\n<\/table>\n<\/div>\n<div class=\"CookieDeclarationType\" dir=\"ltr\" lang=\"it\">\n<p class=\"CookieDeclarationTypeHeader\">Marketing (2)<\/p>\n<p class=\"CookieDeclarationTypeDescription\">I cookie di marketing vengono utilizzati per tracciare i visitatori sui siti web. La finalit\u00e0 \u00e8 quella di presentare annunci pubblicitari che siano rilevanti e coinvolgenti per il singolo utente e quindi di maggior valore per editori e inserzionisti di terze parti.<\/p>\n<table class=\"CookieDeclarationTable\">\n<colgroup>\n<col \/>\n<col \/>\n<col \/>\n<col \/>\n<col \/><\/colgroup>\n<thead>\n<tr>\n<th class=\"CookieDeclarationTableHeader\" dir=\"ltr\" scope=\"col\">Nome<\/th>\n<th class=\"CookieDeclarationTableHeader\" dir=\"ltr\" scope=\"col\">Fornitore<\/th>\n<th class=\"CookieDeclarationTableHeader\" dir=\"ltr\" scope=\"col\">Scopo<\/th>\n<th class=\"CookieDeclarationTableHeader\" dir=\"ltr\" scope=\"col\">Scadenza<\/th>\n<th class=\"CookieDeclarationTableHeader\" dir=\"ltr\" scope=\"col\">Tipo<\/th>\n<\/tr>\n<\/thead>\n<tbody>\n<tr>\n<td class=\"CookieDeclarationTableCell\">_gcl_au<\/td>\n<td class=\"CookieDeclarationTableCell\"><a title=\"l'informativa sulla privacy di Google\" href=\"https:\/\/policies.google.com\/privacy\" target=\"_blank\" rel=\"noopener noreferrer nofollow\">Google<\/a><\/td>\n<td class=\"CookieDeclarationTableCell\">Utilizzato da Google AdSense per sperimentare l&#8217;efficacia pubblicitaria su tutti i siti web che utilizzano i loro servizi.<\/td>\n<td class=\"CookieDeclarationTableCell\">3 mesi<\/td>\n<td class=\"CookieDeclarationTableCell\">HTTP Cookie<\/td>\n<\/tr>\n<tr>\n<td class=\"CookieDeclarationTableCell\">pagead\/landing<\/td>\n<td class=\"CookieDeclarationTableCell\"><a title=\"l'informativa sulla privacy di Google\" href=\"https:\/\/policies.google.com\/privacy\" target=\"_blank\" rel=\"noopener noreferrer nofollow\">Google<\/a><\/td>\n<td class=\"CookieDeclarationTableCell\">Raccoglie dati sul comportamento dei visitatori da pi\u00f9 siti web, al fine di presentare annunci pubblicitari pi\u00f9 pertinenti. Ci\u00f2 consente inoltre al sito web di limitare il numero di volte che un visitatore viene mostrato lo stesso annuncio.<\/td>\n<td class=\"CookieDeclarationTableCell\">Session<\/td>\n<td class=\"CookieDeclarationTableCell\">Pixel Tracker<\/td>\n<\/tr>\n<\/tbody>\n<\/table>\n<\/div>\n<div class=\"CookieDeclarationType\" dir=\"ltr\" lang=\"it\">\n<p class=\"CookieDeclarationTypeHeader\">Non classificati (1)<\/p>\n<p class=\"CookieDeclarationTypeDescription\">I cookie non classificati sono i cookie che sono in fase di classificazione, insieme ai fornitori di cookie individuali.<\/p>\n<table class=\"CookieDeclarationTable\">\n<colgroup>\n<col \/>\n<col \/>\n<col \/>\n<col \/>\n<col \/><\/colgroup>\n<thead>\n<tr>\n<th class=\"CookieDeclarationTableHeader\" dir=\"ltr\" scope=\"col\">Nome<\/th>\n<th class=\"CookieDeclarationTableHeader\" dir=\"ltr\" scope=\"col\">Fornitore<\/th>\n<th class=\"CookieDeclarationTableHeader\" dir=\"ltr\" scope=\"col\">Scopo<\/th>\n<th class=\"CookieDeclarationTableHeader\" dir=\"ltr\" scope=\"col\">Scadenza<\/th>\n<th class=\"CookieDeclarationTableHeader\" dir=\"ltr\" scope=\"col\">Tipo<\/th>\n<\/tr>\n<\/thead>\n<tbody>\n<tr>\n<td class=\"CookieDeclarationTableCell\">last-portal<\/td>\n<td class=\"CookieDeclarationTableCell\">www.secure-reservation.cloud<\/td>\n<td class=\"CookieDeclarationTableCell\">In attesa<\/td>\n<td class=\"CookieDeclarationTableCell\">Session<\/td>\n<td class=\"CookieDeclarationTableCell\">HTML Local Storage<\/td>\n<\/tr>\n<\/tbody>\n<\/table>\n<\/div>\n<\/div>\n<\/div><\/div>\n<\/div>\n<\/div>\n<\/div>\n<\/div>\n<\/div>\n<div id=\"cmsmasters_row_xpqtadrwrp\" class=\"cmsmasters_row cmsmasters_color_scheme_default cmsmasters_row_top_default cmsmasters_row_bot_default cmsmasters_row_boxed\">\n<div class=\"cmsmasters_row_outer_parent\">\n<div class=\"cmsmasters_row_outer\">\n<div class=\"cmsmasters_row_inner\">\n<div class=\"cmsmasters_row_margin\">\n<div id=\"cmsmasters_column_9oe58cneib\" class=\"cmsmasters_column one_first\">\n<div class=\"cmsmasters_column_inner\"><\/div><\/div>\n<\/div>\n<\/div>\n<\/div>\n<\/div>\n<\/div>\n\n","protected":false},"excerpt":{"rendered":"","protected":false},"author":1,"featured_media":0,"parent":0,"menu_order":0,"comment_status":"closed","ping_status":"closed","template":"","meta":{"footnotes":""},"class_list":["post-17525","page","type-page","status-publish","hentry"],"yoast_head":"<!-- This site is optimized with the Yoast SEO plugin v25.4 - https:\/\/yoast.com\/wordpress\/plugins\/seo\/ -->\n<title>Cookie Policy | J Maluni City Hotel<\/title>\n<meta name=\"description\" content=\"Cookie Policy | J Maluni City Hotel | Questo sito web https:\/\/jmalunicityhotel.com\/ utilizza i cookie. Approfondisci.\" \/>\n<meta name=\"robots\" content=\"index, follow, max-snippet:-1, max-image-preview:large, max-video-preview:-1\" \/>\n<link rel=\"canonical\" href=\"https:\/\/jmalunicityhotel.com\/it_it\/cookie-policy\/\" \/>\n<meta property=\"og:locale\" content=\"it_IT\" \/>\n<meta property=\"og:type\" content=\"article\" \/>\n<meta property=\"og:title\" content=\"Cookie Policy | J Maluni City Hotel\" \/>\n<meta property=\"og:description\" content=\"Cookie Policy | J Maluni City Hotel | Questo sito web https:\/\/jmalunicityhotel.com\/ utilizza i cookie. Approfondisci.\" \/>\n<meta property=\"og:url\" content=\"https:\/\/jmalunicityhotel.com\/it_it\/cookie-policy\/\" \/>\n<meta property=\"og:site_name\" content=\"Hotelj\" \/>\n<meta property=\"article:modified_time\" content=\"2025-07-10T09:11:26+00:00\" \/>\n<meta name=\"twitter:card\" content=\"summary_large_image\" \/>\n<meta name=\"twitter:label1\" content=\"Tempo di lettura stimato\" \/>\n\t<meta name=\"twitter:data1\" content=\"4 minuti\" \/>\n<script type=\"application\/ld+json\" class=\"yoast-schema-graph\">{\"@context\":\"https:\/\/schema.org\",\"@graph\":[{\"@type\":\"WebPage\",\"@id\":\"https:\/\/jmalunicityhotel.com\/cookie-policy\/\",\"url\":\"https:\/\/jmalunicityhotel.com\/cookie-policy\/\",\"name\":\"Cookie Policy | J Maluni City Hotel\",\"isPartOf\":{\"@id\":\"https:\/\/jmalunicityhotel.com\/it_it\/#website\"},\"datePublished\":\"2024-05-29T10:40:00+00:00\",\"dateModified\":\"2025-07-10T09:11:26+00:00\",\"description\":\"Cookie Policy | J Maluni City Hotel | Questo sito web https:\/\/jmalunicityhotel.com\/ utilizza i cookie. Approfondisci.\",\"breadcrumb\":{\"@id\":\"https:\/\/jmalunicityhotel.com\/cookie-policy\/#breadcrumb\"},\"inLanguage\":\"it-IT\",\"potentialAction\":[{\"@type\":\"ReadAction\",\"target\":[\"https:\/\/jmalunicityhotel.com\/cookie-policy\/\"]}]},{\"@type\":\"BreadcrumbList\",\"@id\":\"https:\/\/jmalunicityhotel.com\/cookie-policy\/#breadcrumb\",\"itemListElement\":[{\"@type\":\"ListItem\",\"position\":1,\"name\":\"Home\",\"item\":\"https:\/\/jmalunicityhotel.com\/\"},{\"@type\":\"ListItem\",\"position\":2,\"name\":\"Cookie Policy\"}]},{\"@type\":\"WebSite\",\"@id\":\"https:\/\/jmalunicityhotel.com\/it_it\/#website\",\"url\":\"https:\/\/jmalunicityhotel.com\/it_it\/\",\"name\":\"Hotelj\",\"description\":\"\",\"publisher\":{\"@id\":\"https:\/\/jmalunicityhotel.com\/it_it\/#organization\"},\"potentialAction\":[{\"@type\":\"SearchAction\",\"target\":{\"@type\":\"EntryPoint\",\"urlTemplate\":\"https:\/\/jmalunicityhotel.com\/it_it\/?s={search_term_string}\"},\"query-input\":{\"@type\":\"PropertyValueSpecification\",\"valueRequired\":true,\"valueName\":\"search_term_string\"}}],\"inLanguage\":\"it-IT\"},{\"@type\":\"Organization\",\"@id\":\"https:\/\/jmalunicityhotel.com\/it_it\/#organization\",\"name\":\"Hotelj\",\"url\":\"https:\/\/jmalunicityhotel.com\/it_it\/\",\"logo\":{\"@type\":\"ImageObject\",\"inLanguage\":\"it-IT\",\"@id\":\"https:\/\/jmalunicityhotel.com\/it_it\/#\/schema\/logo\/image\/\",\"url\":\"https:\/\/jmalunicityhotel.com\/wp-content\/uploads\/2023\/06\/logo-JMaluniHotel_page-0003.png\",\"contentUrl\":\"https:\/\/jmalunicityhotel.com\/wp-content\/uploads\/2023\/06\/logo-JMaluniHotel_page-0003.png\",\"width\":2011,\"height\":928,\"caption\":\"Hotelj\"},\"image\":{\"@id\":\"https:\/\/jmalunicityhotel.com\/it_it\/#\/schema\/logo\/image\/\"}}]}<\/script>\n<!-- \/ Yoast SEO plugin. -->","yoast_head_json":{"title":"Cookie Policy | J Maluni City Hotel","description":"Cookie Policy | J Maluni City Hotel | Questo sito web https:\/\/jmalunicityhotel.com\/ utilizza i cookie. Approfondisci.","robots":{"index":"index","follow":"follow","max-snippet":"max-snippet:-1","max-image-preview":"max-image-preview:large","max-video-preview":"max-video-preview:-1"},"canonical":"https:\/\/jmalunicityhotel.com\/it_it\/cookie-policy\/","og_locale":"it_IT","og_type":"article","og_title":"Cookie Policy | J Maluni City Hotel","og_description":"Cookie Policy | J Maluni City Hotel | Questo sito web https:\/\/jmalunicityhotel.com\/ utilizza i cookie. Approfondisci.","og_url":"https:\/\/jmalunicityhotel.com\/it_it\/cookie-policy\/","og_site_name":"Hotelj","article_modified_time":"2025-07-10T09:11:26+00:00","twitter_card":"summary_large_image","twitter_misc":{"Tempo di lettura stimato":"4 minuti"},"schema":{"@context":"https:\/\/schema.org","@graph":[{"@type":"WebPage","@id":"https:\/\/jmalunicityhotel.com\/cookie-policy\/","url":"https:\/\/jmalunicityhotel.com\/cookie-policy\/","name":"Cookie Policy | J Maluni City Hotel","isPartOf":{"@id":"https:\/\/jmalunicityhotel.com\/it_it\/#website"},"datePublished":"2024-05-29T10:40:00+00:00","dateModified":"2025-07-10T09:11:26+00:00","description":"Cookie Policy | J Maluni City Hotel | Questo sito web https:\/\/jmalunicityhotel.com\/ utilizza i cookie. Approfondisci.","breadcrumb":{"@id":"https:\/\/jmalunicityhotel.com\/cookie-policy\/#breadcrumb"},"inLanguage":"it-IT","potentialAction":[{"@type":"ReadAction","target":["https:\/\/jmalunicityhotel.com\/cookie-policy\/"]}]},{"@type":"BreadcrumbList","@id":"https:\/\/jmalunicityhotel.com\/cookie-policy\/#breadcrumb","itemListElement":[{"@type":"ListItem","position":1,"name":"Home","item":"https:\/\/jmalunicityhotel.com\/"},{"@type":"ListItem","position":2,"name":"Cookie Policy"}]},{"@type":"WebSite","@id":"https:\/\/jmalunicityhotel.com\/it_it\/#website","url":"https:\/\/jmalunicityhotel.com\/it_it\/","name":"Hotelj","description":"","publisher":{"@id":"https:\/\/jmalunicityhotel.com\/it_it\/#organization"},"potentialAction":[{"@type":"SearchAction","target":{"@type":"EntryPoint","urlTemplate":"https:\/\/jmalunicityhotel.com\/it_it\/?s={search_term_string}"},"query-input":{"@type":"PropertyValueSpecification","valueRequired":true,"valueName":"search_term_string"}}],"inLanguage":"it-IT"},{"@type":"Organization","@id":"https:\/\/jmalunicityhotel.com\/it_it\/#organization","name":"Hotelj","url":"https:\/\/jmalunicityhotel.com\/it_it\/","logo":{"@type":"ImageObject","inLanguage":"it-IT","@id":"https:\/\/jmalunicityhotel.com\/it_it\/#\/schema\/logo\/image\/","url":"https:\/\/jmalunicityhotel.com\/wp-content\/uploads\/2023\/06\/logo-JMaluniHotel_page-0003.png","contentUrl":"https:\/\/jmalunicityhotel.com\/wp-content\/uploads\/2023\/06\/logo-JMaluniHotel_page-0003.png","width":2011,"height":928,"caption":"Hotelj"},"image":{"@id":"https:\/\/jmalunicityhotel.com\/it_it\/#\/schema\/logo\/image\/"}}]}},"_links":{"self":[{"href":"https:\/\/jmalunicityhotel.com\/it_it\/wp-json\/wp\/v2\/pages\/17525","targetHints":{"allow":["GET"]}}],"collection":[{"href":"https:\/\/jmalunicityhotel.com\/it_it\/wp-json\/wp\/v2\/pages"}],"about":[{"href":"https:\/\/jmalunicityhotel.com\/it_it\/wp-json\/wp\/v2\/types\/page"}],"author":[{"embeddable":true,"href":"https:\/\/jmalunicityhotel.com\/it_it\/wp-json\/wp\/v2\/users\/1"}],"replies":[{"embeddable":true,"href":"https:\/\/jmalunicityhotel.com\/it_it\/wp-json\/wp\/v2\/comments?post=17525"}],"version-history":[{"count":6,"href":"https:\/\/jmalunicityhotel.com\/it_it\/wp-json\/wp\/v2\/pages\/17525\/revisions"}],"predecessor-version":[{"id":18137,"href":"https:\/\/jmalunicityhotel.com\/it_it\/wp-json\/wp\/v2\/pages\/17525\/revisions\/18137"}],"wp:attachment":[{"href":"https:\/\/jmalunicityhotel.com\/it_it\/wp-json\/wp\/v2\/media?parent=17525"}],"curies":[{"name":"wp","href":"https:\/\/api.w.org\/{rel}","templated":true}]}}